{"id":13867,"date":"2025-03-07T21:59:35","date_gmt":"2025-03-07T21:59:35","guid":{"rendered":"https:\/\/www.evo-lab.ca\/produit\/purecollagen-pure-d3\/"},"modified":"2025-06-02T15:48:28","modified_gmt":"2025-06-02T15:48:28","slug":"evo-lab-egcg","status":"publish","type":"product","link":"https:\/\/www.evo-lab.ca\/en\/product\/evo-lab-egcg\/","title":{"rendered":"Evo Lab EGCg"},"content":{"rendered":"\t\t<div data-elementor-type=\"wp-post\" data-elementor-id=\"13867\" class=\"elementor elementor-13867 elementor-13730\">\n\t\t\t\t<div class=\"elementor-element elementor-element-364665b2 e-con-full e-flex e-con e-parent\" data-id=\"364665b2\" data-element_type=\"container\">\n\t\t\t\t<div class=\"elementor-element elementor-element-df8da4b elementor-widget elementor-widget-bzotech-accordion-global\" data-id=\"df8da4b\" data-element_type=\"widget\" data-widget_type=\"bzotech-accordion-global.default\">\n\t\t\t\t<div class=\"elementor-widget-container\">\n\t\t\t\t\t<div class=\"elbzotech-accordion elbzotech-accordion-global-css elbzotech-accordion-global-\" data-active=\"0\" data-animate=\"300\" data-heightstyle=\"auto\"><\/div>\t\t\t\t<\/div>\n\t\t\t\t<\/div>\n\t\t\t\t<\/div>\n\t\t\t\t<\/div>\n\t\t","protected":false},"excerpt":{"rendered":"<p class=\"p1\"><span class=\"s1\"><b>Evo Lab EGCg<\/b><\/span> is formulated from a purified green tea extract standardized to <span class=\"s1\"><b>98% polyphenols<\/b><\/span>, providing powerful <span class=\"s1\"><b>antioxidant protection<\/b><\/span> and supporting <span class=\"s1\"><b>metabolic health<\/b><\/span> and <span class=\"s1\"><b>weight management<\/b><\/span>.<\/p>\n<p class=\"p1\">The key active compound, <span class=\"s1\"><b>epigallocatechin gallate (EGCg)<\/b><\/span>, is renowned for its ability to enhance <span class=\"s1\"><b>fat metabolism<\/b><\/span> while protecting cells from oxidative stress.<\/p>\n<p class=\"p1\">Designed to maximize <span class=\"s1\"><b>fat burning<\/b><\/span> and support overall <span class=\"s1\"><b>cellular health<\/b><\/span>.<\/p>\n<p>&nbsp;<\/p>\n<p class=\"p3\"><b>Pharmaceutical grade. Gluten-free, lactose-free, and free from artificial sweeteners.<\/b><\/p>\n","protected":false},"featured_media":13829,"template":"","meta":{"_acf_changed":false,"inline_featured_image":false},"product_brand":[],"product_cat":[66],"product_tag":[],"class_list":{"0":"post-13867","1":"product","2":"type-product","3":"status-publish","4":"has-post-thumbnail","6":"product_cat-metabolic-support","8":"first","9":"instock","10":"taxable","11":"shipping-taxable","12":"purchasable","13":"product-type-simple"},"acf":[],"yoast_head":"<!-- This site is optimized with the Yoast SEO plugin v24.4 - https:\/\/yoast.com\/wordpress\/plugins\/seo\/ -->\n<title>EVO Lab EGCg Extrait de th\u00e9 vert Br\u00fbleur de graisse naturel<\/title>\n<meta name=\"description\" content=\"Optimise ton m\u00e9tabolisme et prot\u00e8ge tes cellules avec EVO Lab EGCg extrait ultra pur de th\u00e9 vert 98 pour cent de polyph\u00e9nols qualit\u00e9 pharmaceutique\" \/>\n<meta name=\"robots\" content=\"index, follow, max-snippet:-1, max-image-preview:large, max-video-preview:-1\" \/>\n<link rel=\"canonical\" href=\"https:\/\/www.evo-lab.ca\/en\/product\/evo-lab-egcg\/\" \/>\n<meta property=\"og:locale\" content=\"en_US\" \/>\n<meta property=\"og:type\" content=\"article\" \/>\n<meta property=\"og:title\" content=\"EVO Lab EGCg Extrait de th\u00e9 vert Br\u00fbleur de graisse naturel\" \/>\n<meta property=\"og:description\" content=\"Optimise ton m\u00e9tabolisme et prot\u00e8ge tes cellules avec EVO Lab EGCg extrait ultra pur de th\u00e9 vert 98 pour cent de polyph\u00e9nols qualit\u00e9 pharmaceutique\" \/>\n<meta property=\"og:url\" content=\"https:\/\/www.evo-lab.ca\/en\/product\/evo-lab-egcg\/\" \/>\n<meta property=\"og:site_name\" content=\"Evo lab\" \/>\n<meta property=\"article:modified_time\" content=\"2025-06-02T15:48:28+00:00\" \/>\n<meta property=\"og:image\" content=\"https:\/\/www.evo-lab.ca\/wp-content\/uploads\/2025\/03\/Evo-Lab-EGC060-CN-150cc-1024x1024.png\" \/>\n\t<meta property=\"og:image:width\" content=\"1024\" \/>\n\t<meta property=\"og:image:height\" content=\"1024\" \/>\n\t<meta property=\"og:image:type\" content=\"image\/png\" \/>\n<meta name=\"twitter:card\" content=\"summary_large_image\" \/>\n<meta name=\"twitter:label1\" content=\"Est. reading time\" \/>\n\t<meta name=\"twitter:data1\" content=\"1 minute\" \/>\n<script type=\"application\/ld+json\" class=\"yoast-schema-graph\">{\"@context\":\"https:\/\/schema.org\",\"@graph\":[{\"@type\":\"WebPage\",\"@id\":\"https:\/\/www.evo-lab.ca\/en\/product\/evo-lab-egcg\/\",\"url\":\"https:\/\/www.evo-lab.ca\/en\/product\/evo-lab-egcg\/\",\"name\":\"EVO Lab EGCg Extrait de th\u00e9 vert Br\u00fbleur de graisse naturel\",\"isPartOf\":{\"@id\":\"https:\/\/www.evo-lab.ca\/en\/#website\"},\"primaryImageOfPage\":{\"@id\":\"https:\/\/www.evo-lab.ca\/en\/product\/evo-lab-egcg\/#primaryimage\"},\"image\":{\"@id\":\"https:\/\/www.evo-lab.ca\/en\/product\/evo-lab-egcg\/#primaryimage\"},\"thumbnailUrl\":\"https:\/\/www.evo-lab.ca\/wp-content\/uploads\/2025\/03\/Evo-Lab-EGC060-CN-150cc-e1745516175575.png\",\"datePublished\":\"2025-03-07T21:59:35+00:00\",\"dateModified\":\"2025-06-02T15:48:28+00:00\",\"description\":\"Optimise ton m\u00e9tabolisme et prot\u00e8ge tes cellules avec EVO Lab EGCg extrait ultra pur de th\u00e9 vert 98 pour cent de polyph\u00e9nols qualit\u00e9 pharmaceutique\",\"breadcrumb\":{\"@id\":\"https:\/\/www.evo-lab.ca\/en\/product\/evo-lab-egcg\/#breadcrumb\"},\"inLanguage\":\"en-US\",\"potentialAction\":[{\"@type\":\"ReadAction\",\"target\":[\"https:\/\/www.evo-lab.ca\/en\/product\/evo-lab-egcg\/\"]}]},{\"@type\":\"ImageObject\",\"inLanguage\":\"en-US\",\"@id\":\"https:\/\/www.evo-lab.ca\/en\/product\/evo-lab-egcg\/#primaryimage\",\"url\":\"https:\/\/www.evo-lab.ca\/wp-content\/uploads\/2025\/03\/Evo-Lab-EGC060-CN-150cc-e1745516175575.png\",\"contentUrl\":\"https:\/\/www.evo-lab.ca\/wp-content\/uploads\/2025\/03\/Evo-Lab-EGC060-CN-150cc-e1745516175575.png\",\"width\":4000,\"height\":4000},{\"@type\":\"BreadcrumbList\",\"@id\":\"https:\/\/www.evo-lab.ca\/en\/product\/evo-lab-egcg\/#breadcrumb\",\"itemListElement\":[{\"@type\":\"ListItem\",\"position\":1,\"name\":\"Home\",\"item\":\"https:\/\/www.evo-lab.ca\/en\/\"},{\"@type\":\"ListItem\",\"position\":2,\"name\":\"Products\",\"item\":\"https:\/\/www.evo-lab.ca\/en\/shop\/\"},{\"@type\":\"ListItem\",\"position\":3,\"name\":\"Evo Lab EGCg\"}]},{\"@type\":\"WebSite\",\"@id\":\"https:\/\/www.evo-lab.ca\/en\/#website\",\"url\":\"https:\/\/www.evo-lab.ca\/en\/\",\"name\":\"Evo lab\",\"description\":\"\",\"publisher\":{\"@id\":\"https:\/\/www.evo-lab.ca\/en\/#organization\"},\"potentialAction\":[{\"@type\":\"SearchAction\",\"target\":{\"@type\":\"EntryPoint\",\"urlTemplate\":\"https:\/\/www.evo-lab.ca\/en\/?s={search_term_string}\"},\"query-input\":{\"@type\":\"PropertyValueSpecification\",\"valueRequired\":true,\"valueName\":\"search_term_string\"}}],\"inLanguage\":\"en-US\"},{\"@type\":\"Organization\",\"@id\":\"https:\/\/www.evo-lab.ca\/en\/#organization\",\"name\":\"Evo lab\",\"url\":\"https:\/\/www.evo-lab.ca\/en\/\",\"logo\":{\"@type\":\"ImageObject\",\"inLanguage\":\"en-US\",\"@id\":\"https:\/\/www.evo-lab.ca\/en\/#\/schema\/logo\/image\/\",\"url\":\"https:\/\/www.evo-lab.ca\/wp-content\/uploads\/2025\/02\/evo-lab-logo-dark.png\",\"contentUrl\":\"https:\/\/www.evo-lab.ca\/wp-content\/uploads\/2025\/02\/evo-lab-logo-dark.png\",\"width\":1428,\"height\":591,\"caption\":\"Evo lab\"},\"image\":{\"@id\":\"https:\/\/www.evo-lab.ca\/en\/#\/schema\/logo\/image\/\"}}]}<\/script>\n<!-- \/ Yoast SEO plugin. -->","yoast_head_json":{"title":"EVO Lab EGCg Extrait de th\u00e9 vert Br\u00fbleur de graisse naturel","description":"Optimise ton m\u00e9tabolisme et prot\u00e8ge tes cellules avec EVO Lab EGCg extrait ultra pur de th\u00e9 vert 98 pour cent de polyph\u00e9nols qualit\u00e9 pharmaceutique","robots":{"index":"index","follow":"follow","max-snippet":"max-snippet:-1","max-image-preview":"max-image-preview:large","max-video-preview":"max-video-preview:-1"},"canonical":"https:\/\/www.evo-lab.ca\/en\/product\/evo-lab-egcg\/","og_locale":"en_US","og_type":"article","og_title":"EVO Lab EGCg Extrait de th\u00e9 vert Br\u00fbleur de graisse naturel","og_description":"Optimise ton m\u00e9tabolisme et prot\u00e8ge tes cellules avec EVO Lab EGCg extrait ultra pur de th\u00e9 vert 98 pour cent de polyph\u00e9nols qualit\u00e9 pharmaceutique","og_url":"https:\/\/www.evo-lab.ca\/en\/product\/evo-lab-egcg\/","og_site_name":"Evo lab","article_modified_time":"2025-06-02T15:48:28+00:00","og_image":[{"width":1024,"height":1024,"url":"https:\/\/www.evo-lab.ca\/wp-content\/uploads\/2025\/03\/Evo-Lab-EGC060-CN-150cc-1024x1024.png","type":"image\/png"}],"twitter_card":"summary_large_image","twitter_misc":{"Est. reading time":"1 minute"},"schema":{"@context":"https:\/\/schema.org","@graph":[{"@type":"WebPage","@id":"https:\/\/www.evo-lab.ca\/en\/product\/evo-lab-egcg\/","url":"https:\/\/www.evo-lab.ca\/en\/product\/evo-lab-egcg\/","name":"EVO Lab EGCg Extrait de th\u00e9 vert Br\u00fbleur de graisse naturel","isPartOf":{"@id":"https:\/\/www.evo-lab.ca\/en\/#website"},"primaryImageOfPage":{"@id":"https:\/\/www.evo-lab.ca\/en\/product\/evo-lab-egcg\/#primaryimage"},"image":{"@id":"https:\/\/www.evo-lab.ca\/en\/product\/evo-lab-egcg\/#primaryimage"},"thumbnailUrl":"https:\/\/www.evo-lab.ca\/wp-content\/uploads\/2025\/03\/Evo-Lab-EGC060-CN-150cc-e1745516175575.png","datePublished":"2025-03-07T21:59:35+00:00","dateModified":"2025-06-02T15:48:28+00:00","description":"Optimise ton m\u00e9tabolisme et prot\u00e8ge tes cellules avec EVO Lab EGCg extrait ultra pur de th\u00e9 vert 98 pour cent de polyph\u00e9nols qualit\u00e9 pharmaceutique","breadcrumb":{"@id":"https:\/\/www.evo-lab.ca\/en\/product\/evo-lab-egcg\/#breadcrumb"},"inLanguage":"en-US","potentialAction":[{"@type":"ReadAction","target":["https:\/\/www.evo-lab.ca\/en\/product\/evo-lab-egcg\/"]}]},{"@type":"ImageObject","inLanguage":"en-US","@id":"https:\/\/www.evo-lab.ca\/en\/product\/evo-lab-egcg\/#primaryimage","url":"https:\/\/www.evo-lab.ca\/wp-content\/uploads\/2025\/03\/Evo-Lab-EGC060-CN-150cc-e1745516175575.png","contentUrl":"https:\/\/www.evo-lab.ca\/wp-content\/uploads\/2025\/03\/Evo-Lab-EGC060-CN-150cc-e1745516175575.png","width":4000,"height":4000},{"@type":"BreadcrumbList","@id":"https:\/\/www.evo-lab.ca\/en\/product\/evo-lab-egcg\/#breadcrumb","itemListElement":[{"@type":"ListItem","position":1,"name":"Home","item":"https:\/\/www.evo-lab.ca\/en\/"},{"@type":"ListItem","position":2,"name":"Products","item":"https:\/\/www.evo-lab.ca\/en\/shop\/"},{"@type":"ListItem","position":3,"name":"Evo Lab EGCg"}]},{"@type":"WebSite","@id":"https:\/\/www.evo-lab.ca\/en\/#website","url":"https:\/\/www.evo-lab.ca\/en\/","name":"Evo lab","description":"","publisher":{"@id":"https:\/\/www.evo-lab.ca\/en\/#organization"},"potentialAction":[{"@type":"SearchAction","target":{"@type":"EntryPoint","urlTemplate":"https:\/\/www.evo-lab.ca\/en\/?s={search_term_string}"},"query-input":{"@type":"PropertyValueSpecification","valueRequired":true,"valueName":"search_term_string"}}],"inLanguage":"en-US"},{"@type":"Organization","@id":"https:\/\/www.evo-lab.ca\/en\/#organization","name":"Evo lab","url":"https:\/\/www.evo-lab.ca\/en\/","logo":{"@type":"ImageObject","inLanguage":"en-US","@id":"https:\/\/www.evo-lab.ca\/en\/#\/schema\/logo\/image\/","url":"https:\/\/www.evo-lab.ca\/wp-content\/uploads\/2025\/02\/evo-lab-logo-dark.png","contentUrl":"https:\/\/www.evo-lab.ca\/wp-content\/uploads\/2025\/02\/evo-lab-logo-dark.png","width":1428,"height":591,"caption":"Evo lab"},"image":{"@id":"https:\/\/www.evo-lab.ca\/en\/#\/schema\/logo\/image\/"}}]}},"_links":{"self":[{"href":"https:\/\/www.evo-lab.ca\/en\/wp-json\/wp\/v2\/product\/13867","targetHints":{"allow":["GET"]}}],"collection":[{"href":"https:\/\/www.evo-lab.ca\/en\/wp-json\/wp\/v2\/product"}],"about":[{"href":"https:\/\/www.evo-lab.ca\/en\/wp-json\/wp\/v2\/types\/product"}],"version-history":[{"count":0,"href":"https:\/\/www.evo-lab.ca\/en\/wp-json\/wp\/v2\/product\/13867\/revisions"}],"wp:featuredmedia":[{"embeddable":true,"href":"https:\/\/www.evo-lab.ca\/en\/wp-json\/wp\/v2\/media\/13829"}],"wp:attachment":[{"href":"https:\/\/www.evo-lab.ca\/en\/wp-json\/wp\/v2\/media?parent=13867"}],"wp:term":[{"taxonomy":"product_brand","embeddable":true,"href":"https:\/\/www.evo-lab.ca\/en\/wp-json\/wp\/v2\/product_brand?post=13867"},{"taxonomy":"product_cat","embeddable":true,"href":"https:\/\/www.evo-lab.ca\/en\/wp-json\/wp\/v2\/product_cat?post=13867"},{"taxonomy":"product_tag","embeddable":true,"href":"https:\/\/www.evo-lab.ca\/en\/wp-json\/wp\/v2\/product_tag?post=13867"}],"curies":[{"name":"wp","href":"https:\/\/api.w.org\/{rel}","templated":true}]}}