{"id":14217,"date":"2025-09-01T12:38:38","date_gmt":"2025-09-01T12:38:38","guid":{"rendered":"https:\/\/www.evo-lab.ca\/?post_type=product&#038;p=14217"},"modified":"2025-09-01T13:33:02","modified_gmt":"2025-09-01T13:33:02","slug":"gluco-support","status":"publish","type":"product","link":"https:\/\/www.evo-lab.ca\/en\/product\/gluco-support\/","title":{"rendered":"Evo Lab Gluco Support"},"content":{"rendered":"\t\t<div data-elementor-type=\"wp-post\" data-elementor-id=\"14217\" class=\"elementor elementor-14217 elementor-14216\">\n\t\t\t\t<div class=\"elementor-element elementor-element-364665b2 e-con-full e-flex e-con e-parent\" data-id=\"364665b2\" data-element_type=\"container\">\n\t\t\t\t<div class=\"elementor-element elementor-element-df8da4b elementor-widget elementor-widget-bzotech-accordion-global\" data-id=\"df8da4b\" data-element_type=\"widget\" data-widget_type=\"bzotech-accordion-global.default\">\n\t\t\t\t<div class=\"elementor-widget-container\">\n\t\t\t\t\t<div class=\"elbzotech-accordion elbzotech-accordion-global-css elbzotech-accordion-global-\" data-active=\"0\" data-animate=\"300\" data-heightstyle=\"auto\"><\/div>\t\t\t\t<\/div>\n\t\t\t\t<\/div>\n\t\t\t\t<\/div>\n\t\t\t\t<\/div>\n\t\t","protected":false},"excerpt":{"rendered":"<p><strong>Gluco Support is a pharmaceutical-grade supplement<\/strong> designed to improve insulin sensitivity, stabilize blood glucose levels, and protect cells from oxidative stress. It features a synergistic trio of alpha-lipoic acid, taurine, and biotin. Key nutrients known to support the metabolism of carbohydrates, fats, and proteins.<\/p>\n<p>&nbsp;<\/p>\n<p>This advanced formula promotes healthier glycemic control, supports mitochondrial function, and assists in the detoxification of heavy metals, while enhancing glucose uptake at the cellular level.<\/p>\n<p>&nbsp;<\/p>\n<p>Ideal for individuals looking to optimize metabolic health, reduce blood sugar spikes, and enhance energy and mental clarity.<\/p>\n<p>&nbsp;<\/p>\n<p><strong>Pharmaceutical grade. Gluten-free. Lactose-free. No artificial sweeteners.<\/strong><\/p>\n","protected":false},"featured_media":14222,"template":"","meta":{"_acf_changed":false,"inline_featured_image":false},"product_brand":[],"product_cat":[66],"product_tag":[],"class_list":{"0":"post-14217","1":"product","2":"type-product","3":"status-publish","4":"has-post-thumbnail","6":"product_cat-metabolic-support","8":"first","9":"instock","10":"taxable","11":"shipping-taxable","12":"purchasable","13":"product-type-simple"},"acf":[],"yoast_head":"<!-- This site is optimized with the Yoast SEO plugin v24.4 - https:\/\/yoast.com\/wordpress\/plugins\/seo\/ -->\n<title>EVO Lab EGCg Extrait de th\u00e9 vert Br\u00fbleur de graisse naturel<\/title>\n<meta name=\"description\" content=\"Optimise ton m\u00e9tabolisme et prot\u00e8ge tes cellules avec EVO Lab EGCg extrait ultra pur de th\u00e9 vert 98 pour cent de polyph\u00e9nols qualit\u00e9 pharmaceutique\" \/>\n<meta name=\"robots\" content=\"index, follow, max-snippet:-1, max-image-preview:large, max-video-preview:-1\" \/>\n<link rel=\"canonical\" href=\"https:\/\/www.evo-lab.ca\/en\/product\/gluco-support\/\" \/>\n<meta property=\"og:locale\" content=\"en_US\" \/>\n<meta property=\"og:type\" content=\"article\" \/>\n<meta property=\"og:title\" content=\"EVO Lab EGCg Extrait de th\u00e9 vert Br\u00fbleur de graisse naturel\" \/>\n<meta property=\"og:description\" content=\"Optimise ton m\u00e9tabolisme et prot\u00e8ge tes cellules avec EVO Lab EGCg extrait ultra pur de th\u00e9 vert 98 pour cent de polyph\u00e9nols qualit\u00e9 pharmaceutique\" \/>\n<meta property=\"og:url\" content=\"https:\/\/www.evo-lab.ca\/en\/product\/gluco-support\/\" \/>\n<meta property=\"og:site_name\" content=\"Evo lab\" \/>\n<meta property=\"article:modified_time\" content=\"2025-09-01T13:33:02+00:00\" \/>\n<meta property=\"og:image\" content=\"https:\/\/www.evo-lab.ca\/wp-content\/uploads\/2025\/09\/Creation-sans-titre-18.png\" \/>\n\t<meta property=\"og:image:width\" content=\"1293\" \/>\n\t<meta property=\"og:image:height\" content=\"1084\" \/>\n\t<meta property=\"og:image:type\" content=\"image\/png\" \/>\n<meta name=\"twitter:card\" content=\"summary_large_image\" \/>\n<meta name=\"twitter:label1\" content=\"Est. reading time\" \/>\n\t<meta name=\"twitter:data1\" content=\"1 minute\" \/>\n<script type=\"application\/ld+json\" class=\"yoast-schema-graph\">{\"@context\":\"https:\/\/schema.org\",\"@graph\":[{\"@type\":\"WebPage\",\"@id\":\"https:\/\/www.evo-lab.ca\/en\/product\/gluco-support\/\",\"url\":\"https:\/\/www.evo-lab.ca\/en\/product\/gluco-support\/\",\"name\":\"EVO Lab EGCg Extrait de th\u00e9 vert Br\u00fbleur de graisse naturel\",\"isPartOf\":{\"@id\":\"https:\/\/www.evo-lab.ca\/en\/#website\"},\"primaryImageOfPage\":{\"@id\":\"https:\/\/www.evo-lab.ca\/en\/product\/gluco-support\/#primaryimage\"},\"image\":{\"@id\":\"https:\/\/www.evo-lab.ca\/en\/product\/gluco-support\/#primaryimage\"},\"thumbnailUrl\":\"https:\/\/www.evo-lab.ca\/wp-content\/uploads\/2025\/09\/Creation-sans-titre-18.png\",\"datePublished\":\"2025-09-01T12:38:38+00:00\",\"dateModified\":\"2025-09-01T13:33:02+00:00\",\"description\":\"Optimise ton m\u00e9tabolisme et prot\u00e8ge tes cellules avec EVO Lab EGCg extrait ultra pur de th\u00e9 vert 98 pour cent de polyph\u00e9nols qualit\u00e9 pharmaceutique\",\"breadcrumb\":{\"@id\":\"https:\/\/www.evo-lab.ca\/en\/product\/gluco-support\/#breadcrumb\"},\"inLanguage\":\"en-US\",\"potentialAction\":[{\"@type\":\"ReadAction\",\"target\":[\"https:\/\/www.evo-lab.ca\/en\/product\/gluco-support\/\"]}]},{\"@type\":\"ImageObject\",\"inLanguage\":\"en-US\",\"@id\":\"https:\/\/www.evo-lab.ca\/en\/product\/gluco-support\/#primaryimage\",\"url\":\"https:\/\/www.evo-lab.ca\/wp-content\/uploads\/2025\/09\/Creation-sans-titre-18.png\",\"contentUrl\":\"https:\/\/www.evo-lab.ca\/wp-content\/uploads\/2025\/09\/Creation-sans-titre-18.png\",\"width\":1293,\"height\":1084},{\"@type\":\"BreadcrumbList\",\"@id\":\"https:\/\/www.evo-lab.ca\/en\/product\/gluco-support\/#breadcrumb\",\"itemListElement\":[{\"@type\":\"ListItem\",\"position\":1,\"name\":\"Home\",\"item\":\"https:\/\/www.evo-lab.ca\/en\/\"},{\"@type\":\"ListItem\",\"position\":2,\"name\":\"Products\",\"item\":\"https:\/\/www.evo-lab.ca\/en\/shop\/\"},{\"@type\":\"ListItem\",\"position\":3,\"name\":\"Evo Lab Gluco Support\"}]},{\"@type\":\"WebSite\",\"@id\":\"https:\/\/www.evo-lab.ca\/en\/#website\",\"url\":\"https:\/\/www.evo-lab.ca\/en\/\",\"name\":\"Evo lab\",\"description\":\"\",\"publisher\":{\"@id\":\"https:\/\/www.evo-lab.ca\/en\/#organization\"},\"potentialAction\":[{\"@type\":\"SearchAction\",\"target\":{\"@type\":\"EntryPoint\",\"urlTemplate\":\"https:\/\/www.evo-lab.ca\/en\/?s={search_term_string}\"},\"query-input\":{\"@type\":\"PropertyValueSpecification\",\"valueRequired\":true,\"valueName\":\"search_term_string\"}}],\"inLanguage\":\"en-US\"},{\"@type\":\"Organization\",\"@id\":\"https:\/\/www.evo-lab.ca\/en\/#organization\",\"name\":\"Evo lab\",\"url\":\"https:\/\/www.evo-lab.ca\/en\/\",\"logo\":{\"@type\":\"ImageObject\",\"inLanguage\":\"en-US\",\"@id\":\"https:\/\/www.evo-lab.ca\/en\/#\/schema\/logo\/image\/\",\"url\":\"https:\/\/www.evo-lab.ca\/wp-content\/uploads\/2025\/02\/evo-lab-logo-dark.png\",\"contentUrl\":\"https:\/\/www.evo-lab.ca\/wp-content\/uploads\/2025\/02\/evo-lab-logo-dark.png\",\"width\":1428,\"height\":591,\"caption\":\"Evo lab\"},\"image\":{\"@id\":\"https:\/\/www.evo-lab.ca\/en\/#\/schema\/logo\/image\/\"}}]}<\/script>\n<!-- \/ Yoast SEO plugin. -->","yoast_head_json":{"title":"EVO Lab EGCg Extrait de th\u00e9 vert Br\u00fbleur de graisse naturel","description":"Optimise ton m\u00e9tabolisme et prot\u00e8ge tes cellules avec EVO Lab EGCg extrait ultra pur de th\u00e9 vert 98 pour cent de polyph\u00e9nols qualit\u00e9 pharmaceutique","robots":{"index":"index","follow":"follow","max-snippet":"max-snippet:-1","max-image-preview":"max-image-preview:large","max-video-preview":"max-video-preview:-1"},"canonical":"https:\/\/www.evo-lab.ca\/en\/product\/gluco-support\/","og_locale":"en_US","og_type":"article","og_title":"EVO Lab EGCg Extrait de th\u00e9 vert Br\u00fbleur de graisse naturel","og_description":"Optimise ton m\u00e9tabolisme et prot\u00e8ge tes cellules avec EVO Lab EGCg extrait ultra pur de th\u00e9 vert 98 pour cent de polyph\u00e9nols qualit\u00e9 pharmaceutique","og_url":"https:\/\/www.evo-lab.ca\/en\/product\/gluco-support\/","og_site_name":"Evo lab","article_modified_time":"2025-09-01T13:33:02+00:00","og_image":[{"width":1293,"height":1084,"url":"https:\/\/www.evo-lab.ca\/wp-content\/uploads\/2025\/09\/Creation-sans-titre-18.png","type":"image\/png"}],"twitter_card":"summary_large_image","twitter_misc":{"Est. reading time":"1 minute"},"schema":{"@context":"https:\/\/schema.org","@graph":[{"@type":"WebPage","@id":"https:\/\/www.evo-lab.ca\/en\/product\/gluco-support\/","url":"https:\/\/www.evo-lab.ca\/en\/product\/gluco-support\/","name":"EVO Lab EGCg Extrait de th\u00e9 vert Br\u00fbleur de graisse naturel","isPartOf":{"@id":"https:\/\/www.evo-lab.ca\/en\/#website"},"primaryImageOfPage":{"@id":"https:\/\/www.evo-lab.ca\/en\/product\/gluco-support\/#primaryimage"},"image":{"@id":"https:\/\/www.evo-lab.ca\/en\/product\/gluco-support\/#primaryimage"},"thumbnailUrl":"https:\/\/www.evo-lab.ca\/wp-content\/uploads\/2025\/09\/Creation-sans-titre-18.png","datePublished":"2025-09-01T12:38:38+00:00","dateModified":"2025-09-01T13:33:02+00:00","description":"Optimise ton m\u00e9tabolisme et prot\u00e8ge tes cellules avec EVO Lab EGCg extrait ultra pur de th\u00e9 vert 98 pour cent de polyph\u00e9nols qualit\u00e9 pharmaceutique","breadcrumb":{"@id":"https:\/\/www.evo-lab.ca\/en\/product\/gluco-support\/#breadcrumb"},"inLanguage":"en-US","potentialAction":[{"@type":"ReadAction","target":["https:\/\/www.evo-lab.ca\/en\/product\/gluco-support\/"]}]},{"@type":"ImageObject","inLanguage":"en-US","@id":"https:\/\/www.evo-lab.ca\/en\/product\/gluco-support\/#primaryimage","url":"https:\/\/www.evo-lab.ca\/wp-content\/uploads\/2025\/09\/Creation-sans-titre-18.png","contentUrl":"https:\/\/www.evo-lab.ca\/wp-content\/uploads\/2025\/09\/Creation-sans-titre-18.png","width":1293,"height":1084},{"@type":"BreadcrumbList","@id":"https:\/\/www.evo-lab.ca\/en\/product\/gluco-support\/#breadcrumb","itemListElement":[{"@type":"ListItem","position":1,"name":"Home","item":"https:\/\/www.evo-lab.ca\/en\/"},{"@type":"ListItem","position":2,"name":"Products","item":"https:\/\/www.evo-lab.ca\/en\/shop\/"},{"@type":"ListItem","position":3,"name":"Evo Lab Gluco Support"}]},{"@type":"WebSite","@id":"https:\/\/www.evo-lab.ca\/en\/#website","url":"https:\/\/www.evo-lab.ca\/en\/","name":"Evo lab","description":"","publisher":{"@id":"https:\/\/www.evo-lab.ca\/en\/#organization"},"potentialAction":[{"@type":"SearchAction","target":{"@type":"EntryPoint","urlTemplate":"https:\/\/www.evo-lab.ca\/en\/?s={search_term_string}"},"query-input":{"@type":"PropertyValueSpecification","valueRequired":true,"valueName":"search_term_string"}}],"inLanguage":"en-US"},{"@type":"Organization","@id":"https:\/\/www.evo-lab.ca\/en\/#organization","name":"Evo lab","url":"https:\/\/www.evo-lab.ca\/en\/","logo":{"@type":"ImageObject","inLanguage":"en-US","@id":"https:\/\/www.evo-lab.ca\/en\/#\/schema\/logo\/image\/","url":"https:\/\/www.evo-lab.ca\/wp-content\/uploads\/2025\/02\/evo-lab-logo-dark.png","contentUrl":"https:\/\/www.evo-lab.ca\/wp-content\/uploads\/2025\/02\/evo-lab-logo-dark.png","width":1428,"height":591,"caption":"Evo lab"},"image":{"@id":"https:\/\/www.evo-lab.ca\/en\/#\/schema\/logo\/image\/"}}]}},"_links":{"self":[{"href":"https:\/\/www.evo-lab.ca\/en\/wp-json\/wp\/v2\/product\/14217","targetHints":{"allow":["GET"]}}],"collection":[{"href":"https:\/\/www.evo-lab.ca\/en\/wp-json\/wp\/v2\/product"}],"about":[{"href":"https:\/\/www.evo-lab.ca\/en\/wp-json\/wp\/v2\/types\/product"}],"version-history":[{"count":0,"href":"https:\/\/www.evo-lab.ca\/en\/wp-json\/wp\/v2\/product\/14217\/revisions"}],"wp:featuredmedia":[{"embeddable":true,"href":"https:\/\/www.evo-lab.ca\/en\/wp-json\/wp\/v2\/media\/14222"}],"wp:attachment":[{"href":"https:\/\/www.evo-lab.ca\/en\/wp-json\/wp\/v2\/media?parent=14217"}],"wp:term":[{"taxonomy":"product_brand","embeddable":true,"href":"https:\/\/www.evo-lab.ca\/en\/wp-json\/wp\/v2\/product_brand?post=14217"},{"taxonomy":"product_cat","embeddable":true,"href":"https:\/\/www.evo-lab.ca\/en\/wp-json\/wp\/v2\/product_cat?post=14217"},{"taxonomy":"product_tag","embeddable":true,"href":"https:\/\/www.evo-lab.ca\/en\/wp-json\/wp\/v2\/product_tag?post=14217"}],"curies":[{"name":"wp","href":"https:\/\/api.w.org\/{rel}","templated":true}]}}